{"id":17,"date":"2017-06-07T14:32:07","date_gmt":"2017-06-07T12:32:07","guid":{"rendered":"http:\/\/www.gg-betriebsmedizin.de\/?page_id=17"},"modified":"2024-01-22T09:18:22","modified_gmt":"2024-01-22T08:18:22","slug":"startseite","status":"publish","type":"page","link":"https:\/\/gg-betriebsmedizin.de\/","title":{"rendered":"Moin &#8230; wir impfen den Norden &#8230; f\u00fcr noch mehr Schutz"},"content":{"rendered":"\n<figure class=\"wp-block-image size-thumbnail is-style-rounded\"><img loading=\"lazy\" decoding=\"async\" width=\"150\" height=\"150\" src=\"https:\/\/gg-betriebsmedizin.de\/wp-content\/uploads\/2021\/12\/GG-Logo-C19-1-150x150.jpg\" alt=\"\" class=\"wp-image-186\" srcset=\"https:\/\/gg-betriebsmedizin.de\/wp-content\/uploads\/2021\/12\/GG-Logo-C19-1-150x150.jpg 150w, https:\/\/gg-betriebsmedizin.de\/wp-content\/uploads\/2021\/12\/GG-Logo-C19-1-100x100.jpg 100w\" sizes=\"auto, (max-width: 150px) 100vw, 150px\" \/><figcaption class=\"wp-element-caption\"><strong><span class=\"has-inline-color has-vivid-red-color\"><a href=\"https:\/\/www.stern.de\/gesundheit\/impfkampagne-gegen-corona--so-grossartig-aendern-150-firmen-ihre-logos_31395040-31394926.html\" target=\"_blank\" rel=\"noreferrer noopener\">Come IMPF and Find <\/a><a href=\"https:\/\/www.stern.de\/gesundheit\/impfkampagne-gegen-corona--so-grossartig-aendern-150-firmen-ihre-logos_31395040-31394926.html\">Out<\/a> <a href=\"https:\/\/www.zusammengegencorona.de\/impfen\/\" target=\"_blank\" rel=\"noreferrer noopener\">#ZusammenGegenCorona<\/a><\/span><\/strong><\/figcaption><\/figure>\n\n\n<p><span><strong><span style=\"color: #ff0000;\">UpdateJanuar 2024: Ende der C19-Impfaktionen. Aktuell keine neuen Termine bei Eventbrite. Impf- und <span style=\"caret-color: #ff0000;\">betriebsmedizinische<\/span> Anfragen bitte ausschlie\u00dflich an die u.a. email Adressen.\u00a0<\/span><\/strong><\/span><\/p>\n<p>Sie finden unsere n\u00e4chsten Impfaktionen organisiert durch GG Betriebsmedizin Impfteam Ehlershausen\u00a0auf <a href=\"https:\/\/www.eventbrite.de\/o\/gg-betriebsmedizin-ehlershausen-34393846341\" target=\"_blank\" rel=\"noopener\">GG Betriebsmedizin bei Eventbrite.de<\/a>\u00a0.\u00a0<\/p>\n<p>Ihre Ansprechpartner: <a href=\"mailto:GG.ETown@icloud.com\">Drs. Bastian P. Ringe und Frauke-Gesche Ringe<\/a><\/p>\n<p>Ihr weiterer Ansprechpartner f\u00fcr betriebs\u00e4rztliches Impfen und betriebs\u00e4rztliche Betreuung in der Region Hannover: <a href=\"mailto:wulf@gerdts.org\">Dr. Wulf-Thorsten Gerdts \u00a0<\/a><\/p>\n<p>Ihre Ansprechpartner f\u00fcr Coronaimpfungen- und Impfungen im restlichen Niedersachsen und im hohen Norden: <a href=\"mailto:Betriebsarzt@Gerdts.org\">Drs. Klaus-Gerrit Gerdts und Elgin-Solveigh Gerdts<\/a><\/p>\n<p>Unsere Kompetenzen und Erfahrungen:<\/p>\n<p>\u00dcber 25 Jahre betriebsmedizinische Betreuung im Norden von Feuerwehr und Rettungsdienst, medizinische Unterst\u00fctzung und Leitung in diversen internationalen Projekten (NGOs) \u00a0in Entwicklungsl\u00e4ndern, medizinische Leitung Fl\u00fcchtlingsaufnahmeeinrichtungen, medizinische Leitung und Betreuung bei Gro\u00dfveranstaltungen, medizinische Betreuung von Expeditionen. \u00a0Leitung und Durchf\u00fchrung von \u00a0not\u00e4rztlichen Fortbildungsveranstaltungen.\u00a0<\/p>\n<div class=\"\">\n<div class=\"\"><span class=\"\">Von Januar 2021-M\u00e4rz 2023 Arbeitsschwerpunkt Durchf\u00fchrung von individuellen und Massenimpfungen gegen COVID-19.\u00a0<\/span><\/div>\n<\/div>\n<blockquote>\n<div class=\"\">\n<div>\u00a0<\/div>\n<\/div>\n<\/blockquote>\n<p>Unser fachliches Spektrum: Betriebsmedizin, Allgemeinmedizin, Kinderheilkunde und Jugendmedizin, Notfallmedizin, Chirurgie, Expeditionsmedizin, Mikrobiologie\/Virologie und Krankenhaushygiene, Arbeitssicherheit, Impfberatung, spezielle Gelbfieberimpfstelle.<\/p>\n<p>Dar\u00fcberhinaus sind wir kinder- und tierlieb, fahren mit Hybrid\/Elektrofahrzeugen und sind irgendwie nordisch bei nature &#8230;<\/p>\n\n\n<p>#biontech #moderna #novavax #kinderimpfung #offlabel #denktandiekinder<\/p>\n","protected":false},"excerpt":{"rendered":"<p>UpdateJanuar 2024: Ende der C19-Impfaktionen. Aktuell keine neuen Termine bei Eventbrite. Impf- und betriebsmedizinische Anfragen bitte ausschlie\u00dflich an die u.a. email Adressen.\u00a0 Sie finden unsere n\u00e4chsten Impfaktionen organisiert durch GG Betriebsmedizin Impfteam Ehlershausen\u00a0auf GG Betriebsmedizin bei Eventbrite.de\u00a0.\u00a0 Ihre Ansprechpartner: Drs. Bastian P. Ringe und Frauke-Gesche Ringe Ihr weiterer Ansprechpartner f\u00fcr betriebs\u00e4rztliches Impfen und betriebs\u00e4rztliche Betreuung &hellip; <\/p>\n<p class=\"link-more\"><a href=\"https:\/\/gg-betriebsmedizin.de\/\" class=\"more-link\"><span class=\"screen-reader-text\">\u201eMoin &#8230; wir impfen den Norden &#8230; f\u00fcr noch mehr Schutz\u201c<\/span> weiterlesen<\/a><\/p>\n","protected":false},"author":1,"featured_media":0,"parent":0,"menu_order":0,"comment_status":"closed","ping_status":"closed","template":"","meta":{"footnotes":""},"class_list":["post-17","page","type-page","status-publish","hentry"],"_links":{"self":[{"href":"https:\/\/gg-betriebsmedizin.de\/index.php?rest_route=\/wp\/v2\/pages\/17","targetHints":{"allow":["GET"]}}],"collection":[{"href":"https:\/\/gg-betriebsmedizin.de\/index.php?rest_route=\/wp\/v2\/pages"}],"about":[{"href":"https:\/\/gg-betriebsmedizin.de\/index.php?rest_route=\/wp\/v2\/types\/page"}],"author":[{"embeddable":true,"href":"https:\/\/gg-betriebsmedizin.de\/index.php?rest_route=\/wp\/v2\/users\/1"}],"replies":[{"embeddable":true,"href":"https:\/\/gg-betriebsmedizin.de\/index.php?rest_route=%2Fwp%2Fv2%2Fcomments&post=17"}],"version-history":[{"count":24,"href":"https:\/\/gg-betriebsmedizin.de\/index.php?rest_route=\/wp\/v2\/pages\/17\/revisions"}],"predecessor-version":[{"id":359,"href":"https:\/\/gg-betriebsmedizin.de\/index.php?rest_route=\/wp\/v2\/pages\/17\/revisions\/359"}],"wp:attachment":[{"href":"https:\/\/gg-betriebsmedizin.de\/index.php?rest_route=%2Fwp%2Fv2%2Fmedia&parent=17"}],"curies":[{"name":"wp","href":"https:\/\/api.w.org\/{rel}","templated":true}]}}