{"id":18,"date":"2017-06-07T14:32:07","date_gmt":"2017-06-07T12:32:07","guid":{"rendered":"http:\/\/www.gg-betriebsmedizin.de\/?page_id=18"},"modified":"2024-01-22T09:21:23","modified_gmt":"2024-01-22T08:21:23","slug":"ueber-mich","status":"publish","type":"page","link":"https:\/\/gg-betriebsmedizin.de\/?page_id=18","title":{"rendered":"Information zur Corona Schutzimpfung in der Stadt und Region Hannover und im restlichen Norden"},"content":{"rendered":"<div class=\"\">\n<p><strong>Update Januar 2024: Ende der C19-Impfaktionen. Aktuell keine neuen Termine bei Eventbrite. Impf- und betriebsmedizinische Anfragen bitte ausschlie\u00dflich an die u.a. email Adressen.\u00a0<\/strong><\/p>\n<p class=\"\"><span class=\"\" style=\"font-size: large;\">September 2023: Die neuen angepassten Impfstoffe von BioNTech\/Pfizer sind nun bestellbar. Voraussichtlich ab Oktober 2023 werden wir Boosterimpfungen f\u00fcr alle Altersgruppen anbieten k\u00f6nnen.\u00a0<\/span><\/p>\n<p>F\u00fcr Impfungen im Gro\u00dfraum Hannover kontaktieren Sie uns bitte per email an <a href=\"mailto:Dr.BP@gerdts.org\">Dr.BP@gerdts.org<\/a>.<\/p>\n<p>F\u00fcr Impfungen im norddeutschen Raum Gro\u00dfraum Cuxhaven\/Hamburg bitte per email an <a href=\"mailto:betriebsarzt@gerdts.org\">betriebsarzt@gerdts.org<\/a>.<\/p>\n<p class=\"\"><b class=\"\"><span class=\"\" style=\"font-size: large;\">Informationen zur betriebs\u00e4rztlichen Impfung\u00a0<\/span><\/b><b class=\"\"><span class=\"\" style=\"font-size: large;\">gegen SARS-CoV-2 (\u201eCoronavirus\u201c) \u00a0bis M\u00e4rz 2023 &#8211; <\/span><\/b><\/p>\n<p class=\"\"><b class=\"\"><span class=\"\" style=\"font-size: large;\">!!! Ab April 2023 KEINE IMPFUNGEN mehr !!!<\/span><\/b><\/p>\n<div class=\"\">\n<div class=\"\"><img loading=\"lazy\" decoding=\"async\" class=\"wp-image-78 alignleft\" src=\"https:\/\/gg-betriebsmedizin.de\/wp-content\/uploads\/2021\/11\/coronavirus-e1638031025110-300x290.jpg\" alt=\"\" width=\"185\" height=\"179\" srcset=\"https:\/\/gg-betriebsmedizin.de\/wp-content\/uploads\/2021\/11\/coronavirus-e1638031025110-300x290.jpg 300w, https:\/\/gg-betriebsmedizin.de\/wp-content\/uploads\/2021\/11\/coronavirus-e1638031025110.jpg 404w\" sizes=\"auto, (max-width: 185px) 100vw, 185px\" \/>Sehr geehrte Damen und Herren, liebe Interessenten und zuk\u00fcnftige Impflinge,<\/div>\n<div class=\"\">\u00a0<\/div>\n<p class=\"\">wir bedanken uns schon jetzt f\u00fcr das in uns investierte Vertrauen zur Durchf\u00fchrung ihrer Schutzimpfung gegen das Coronavirus.<\/p>\n<p>Sie m\u00f6chten an der Schutzimpfung gegen \u201eCorona\u201c teilnehmen, die wir in Ihrem Betrieb durchf\u00fchren werden. Sie erhalten bei uns einen der beiden <b>\u00a0zugelassenen mRNA-Impfstoffe Comirnaty\u00ae von BioNTech\/Pfizer oder Spikevax\u00ae von Moderna Biotech <\/b>(je nach Indikation\/Verf\u00fcgbarkeit). <b>Kinder<\/b> vom <strong>6.Monat-4.Lebensjahr,<\/strong> bzw.\u00a0<b>5. -11. Lebensjahr erhalten Comirnaty\u00ae<\/b> in der jeweiligen\u00a0<b>Kinderformulierung<\/b>, <b>Schwangere\/Stillende und Personen zwischen 12-30 Jahren Comirnaty\u00ae in der Standarddosierung<\/b>. <i>Off Label Impfungen &lt;5. Lebensjahr nach Aufkl\u00e4rung m\u00f6glich, entsprechend auch in der n\u00e4chst\u00a0h\u00f6heren\u00a0Altersklasse in Bezug auf die Auffrischimpfungen. <\/i>Sie erhalten bei uns <b>auch zur Grundimmunisierung den protein-basierten Impfstoff Nuvaxovid\u00ae von Novavax <\/b>(NEU mit Boosterzulassung).<b><span class=\"Apple-converted-space\">\u00a0<\/span><\/b><\/p>\n<p>Hinweis: Bei Fragen bitten wie Sie um <strong><a href=\"mailto:gg.etown@icloud.com\">Kontaktaufnahme per email.<\/a><\/strong><\/p>\n<div class=\"page\" title=\"Page 1\">\n<div class=\"section\">\n<div class=\"layoutArea\">\n<div class=\"column\">\u00a0<\/div>\n<\/div>\n<\/div>\n<\/div>\n<p><i>Das <a href=\"https:\/\/www.rki.de\/DE\/Content\/Infekt\/EpidBull\/Archiv\/2022\/Ausgaben\/50_22.pdf?__blob=publicationFile\" target=\"_blank\" rel=\"noopener\">aktualisierte Epidemiologische Bulletin<\/a> empfiehlt weiterhin die Auffrischimpfung mit einem mRNA-Impfstoff <\/i><b><i>f\u00fcr Personen \u22655 Jahre<\/i><\/b><i> bereits <\/i><b><i>ab dem vollendeten 6. Monat nach Abschluss der Grundimmunisierung (3 Ereignisse\/Impfung\/Infektion)<\/i><\/b><i>. COVID-19-Vaccine Janssen\/Johnson&amp;Johnson einfach Geimpfte sollen ebenfalls mit einem mRNA-Impfstoff geimpft werden. <\/i><b><i>Unsere Empfehlung ist grunds\u00e4tzlich eine Grundimmunisierung und 1. Auffrischimpfung (=3 Impfungen) in allen Altersgruppen und unabh\u00e4ngig einer Grunderkrankung durchzuf\u00fchren !<\/i><\/b><\/p>\n<pre><strong>Personen, die mit einem nicht in der EU zugelassenen COVID-19-Impfstoff geimpft wurden<\/strong><br \/><br \/>Personen, die mit CoronaVac von Sinovac, Covilo von Sinopharm, Covaxin von Bharat Biotech International Ltd. oder dem Vektor-basierten Impfstoff Sputnik V von Gamelaya gegen COVID-19 vollst\u00e4ndig grundimmunisiert (d.h. zweimal geimpft) worden sind und gegebenenfalls bereits eine Auffrischimpfung erhalten haben, sollen zur Optimierung ihres Impfschutzes eine einmalige Impfung mit einem mRNA-Impfstoff erhalten. Diese soll laut STIKO im Mindestabstand von sechs Monaten zur letzten Impfung erfolgen. Hierbei ist der altersabh\u00e4ngige Einsatz von Comirnaty und Spikevax zu beachten.<br \/><br \/>Personen, die bisher nur eine Dosis eines der oben genannten Impfstoffe bekommen haben, sollen hingegen eine neue Impfserie mit Grundimmunisierung und Auffrischimpfung gem\u00e4\u00df der COVID-19-Impfempfehlung der STIKO erhalten.<br \/><br \/>F\u00fcr Personen, die andere nicht in der EU zugelassenen Impfstoffe als die oben genannten erhalten haben, gilt weiterhin die STIKO-Empfehlung einer erneuten Impfserie mit einem in der EU zugelassenen Impfstoff. Hierbei sind die altersentsprechenden COVID-19-Empfehlungen der STIKO zu beachten.<\/pre>\n<p>Die generelle Impfempfehlung f\u00fcr unter 12j\u00e4hrige wurde aktualisiert. Leider sind die Formulierungen der STIKO nicht immer geradlinig, so da\u00df es viele Nachfragen von Eltern zu Impfabst\u00e4nden und zur Anzahl der erforderlichen Impfungen gegen COVID-19 gibt. Sie d\u00fcrfen versichert sein, da\u00df unser Team Sie hierzu fachlich kompetent und basierend auf den neuesten wissenschaftlichen Erkenntnissen ber\u00e4t. <strong>Unsere Empfehlung ist grunds\u00e4tzlich eine Grundimmunisierung und 1. Auffrischimpfung in allen Altersgruppen durchzuf\u00fchren !<\/strong><\/p>\n<\/div>\n<div class=\"\">\n<p class=\"\">Hierf\u00fcr sind einige organisatorische und leider auch b\u00fcrokratische Vorbereitungen n\u00f6tig, bei denen wir um Ihre Unterst\u00fctzung bitten.<\/p>\n<p class=\"\">Sie finden im Folgenden die vorgeschriebenen Formulare zur <b class=\"\">Impfaufkl\u00e4rung<\/b>, zu Ihrer <b class=\"\">medizinischen Vorgeschichte<\/b> (Anamnese) und zur <b class=\"\">Impfeinwilligung.<\/b> Ebenfalls angeh\u00e4ngt ist der <b class=\"\">RKI-COVID-19-Impfung Faktencheck<\/b>. \u00a0Am Impftermin unterschreiben sie diese Dokumente digital bei uns. <span class=\"\"><b class=\"\">Zum Impftermin bringen sie bitte lediglich die Seiten Anamnese und Einwilligung ausgef\u00fcllt, unterschrieben und ausgedruckt mit<\/b>.<\/span>\u00a0<\/p>\n<\/div>\n<p>Hinweis: das RKI aktualisiert in regelm\u00e4\u00dfigen Abst\u00e4nden das Aufkl\u00e4rungsformular, unter dem u.a. Link finden sie bei Bedarf immer die letzte Version.\u00a0<\/p>\n<div class=\"\">\n<p><a href=\"https:\/\/www.dropbox.com\/s\/qjkax2midap19h9\/GG%20Info%20C19%20Impfung%2006%202022.pdf?dl=0\"><strong>? Corona Impfung GG Aufkl\u00e4rung<\/strong><\/a><\/p>\n<p>Die originalen Dokumente finden sie (auch in zahlreichen anderen Sprachen) auf der <a class=\"\" href=\"https:\/\/www.rki.de\/DE\/Content\/Infekt\/Impfen\/Materialien\/COVID-19-Aufklaerungsbogen-Tab.html\">Website des RKI:<\/a><\/p>\n<ul>\n<li class=\"first\"><a class=\"downloadlink\" title=\"zum\u00a0Download:\u00a0Aufkl\u00e4rungsmerkblatt zur Schutzimpfung gegen COVID-19 mit mRNA-Impfstoff\u00a0(PDF\/901 KB\/Datei ist nicht barrierefrei) (\u00d6ffnet\u00a0neues\u00a0Fenster)\" href=\"https:\/\/www.rki.de\/DE\/Content\/Infekt\/Impfen\/Materialien\/Downloads-COVID-19\/Aufklaerungsbogen-de.pdf?__blob=publicationFile\" target=\"_blank\" rel=\"noopener\">Aufkl\u00e4rungsmerkblatt zur Schutzimpfung gegen COVID-19 mit mRNA-Impfstoff\u00a0(PDF, 901 KB, Datei ist nicht barrierefrei)<\/a><\/li>\n<li class=\"last\"><a class=\"downloadlink\" title=\"zum\u00a0Download:\u00a0Anamnese- und Einwilligungsbogen zur Schutzimpfung gegen COVID-19 mit mRNA-Impfstoff\u00a0(PDF\/930 KB\/Datei ist nicht barrierefrei) (\u00d6ffnet\u00a0neues\u00a0Fenster)\" href=\"https:\/\/www.rki.de\/DE\/Content\/Infekt\/Impfen\/Materialien\/Downloads-COVID-19\/Einwilligung-de.pdf?__blob=publicationFile\" target=\"_blank\" rel=\"noopener\">Anamnese- und Einwilligungsbogen zur Schutzimpfung gegen COVID-19 mit mRNA-Impfstoff\u00a0(PDF, 930 KB, Datei ist nicht barrierefrei)<\/a><\/li>\n<li><a href=\"https:\/\/www.rki.de\/DE\/Content\/Infekt\/Impfen\/Materialien\/Downloads-COVID-19-Proteinimpfstoff\/Einwilligung-de.pdf?__blob=publicationFile\">Anamnese- und Einwilligungsbogen zur Schutzimpfung gegen COVID-19 mit protein-basiertem Impfstoff\u00a0<\/a><\/li>\n<\/ul>\n<p class=\"\">Weitergehende Informationen finden sie auch online in der <a class=\"\" href=\"https:\/\/www.youtube.com\/playlist?list=PLCh-G-AnLKeOpYU-8JZI4nwkavoS2iqSN\">YouTube Playlist des RKI<\/a><\/p>\n<p class=\"\">Ihre pers\u00f6nlichen Angaben und Daten sind bei uns nicht nur durch die Datenschutzverordnung gesch\u00fctzt, sondern unterliegen den sehr viel strengeren Regeln der \u00e4rztlichen Berufsverschwiegenheit (\u00a7 203 StGB). Informationen zu unserem <span class=\"\"><a class=\"\" href=\"https:\/\/www.dropbox.com\/s\/looiuwuwwvh9wxv\/GG_Corona_Datenschutz_info.pdf\">Datenschutz finden Sie hier<\/a>.<\/span><\/p>\n<p class=\"\">Bitte bringen Sie zum Impftermin, soweit vorhanden, Ihren <b class=\"\">Impfpass<\/b> mit. Bei Nicht-Vorhandensein eines Impfpasses das angeh\u00e4ngte <b class=\"\">Ersatzdokument <\/b>bitte ausgef\u00fcllt mitbringen.<\/p>\n<p class=\"\">Nach Abschluss der Zweitimpfung veranlassen wir ebenfalls das Ausstellen des <b class=\"\">digitalen Impfzertifikates<\/b> (QR-Code).<\/p>\n<p class=\"\">Individuelle Fragen beantworten wir gern am Impftermin.<\/p>\n<div>Haben sie Interesse, dass wir auch bei ihnen eine Schutzimpfung durchf\u00fchren ? Kontaktieren sie uns unter <strong><a href=\"mailto:gg.etown@icloud.com\">gg.etown@icloud.com<\/a><\/strong>\n<div class=\"\">\u00a0<\/div>\n<p class=\"\">Ihr Impfteam Ehlershausen\u00a0<\/p>\n<p class=\"\">Drs. Bastian P. Ringe und Frauke-Gesche Ringe<\/p>\n<p>Ihr Impfteam Cuxhaven<\/p>\n<p>Drs. Klaus-G. Gerdts und Elgin-Solveigh Gerdts<\/p>\n<\/div>\n<\/div>\n<\/div>\n\n\n<p><\/p>\n\n\n\n<p><\/p>\n","protected":false},"excerpt":{"rendered":"<p>Update Januar 2024: Ende der C19-Impfaktionen. Aktuell keine neuen Termine bei Eventbrite. Impf- und betriebsmedizinische Anfragen bitte ausschlie\u00dflich an die u.a. email Adressen.\u00a0 September 2023: Die neuen angepassten Impfstoffe von BioNTech\/Pfizer sind nun bestellbar. Voraussichtlich ab Oktober 2023 werden wir Boosterimpfungen f\u00fcr alle Altersgruppen anbieten k\u00f6nnen.\u00a0 F\u00fcr Impfungen im Gro\u00dfraum Hannover kontaktieren Sie uns bitte &hellip; <\/p>\n<p class=\"link-more\"><a href=\"https:\/\/gg-betriebsmedizin.de\/?page_id=18\" class=\"more-link\"><span class=\"screen-reader-text\">\u201eInformation zur Corona Schutzimpfung in der Stadt und Region Hannover und im restlichen Norden\u201c<\/span> weiterlesen<\/a><\/p>\n","protected":false},"author":1,"featured_media":0,"parent":0,"menu_order":0,"comment_status":"closed","ping_status":"closed","template":"","meta":{"footnotes":""},"class_list":["post-18","page","type-page","status-publish","hentry"],"_links":{"self":[{"href":"https:\/\/gg-betriebsmedizin.de\/index.php?rest_route=\/wp\/v2\/pages\/18","targetHints":{"allow":["GET"]}}],"collection":[{"href":"https:\/\/gg-betriebsmedizin.de\/index.php?rest_route=\/wp\/v2\/pages"}],"about":[{"href":"https:\/\/gg-betriebsmedizin.de\/index.php?rest_route=\/wp\/v2\/types\/page"}],"author":[{"embeddable":true,"href":"https:\/\/gg-betriebsmedizin.de\/index.php?rest_route=\/wp\/v2\/users\/1"}],"replies":[{"embeddable":true,"href":"https:\/\/gg-betriebsmedizin.de\/index.php?rest_route=%2Fwp%2Fv2%2Fcomments&post=18"}],"version-history":[{"count":47,"href":"https:\/\/gg-betriebsmedizin.de\/index.php?rest_route=\/wp\/v2\/pages\/18\/revisions"}],"predecessor-version":[{"id":361,"href":"https:\/\/gg-betriebsmedizin.de\/index.php?rest_route=\/wp\/v2\/pages\/18\/revisions\/361"}],"wp:attachment":[{"href":"https:\/\/gg-betriebsmedizin.de\/index.php?rest_route=%2Fwp%2Fv2%2Fmedia&parent=18"}],"curies":[{"name":"wp","href":"https:\/\/api.w.org\/{rel}","templated":true}]}}